{"id":5687,"date":"2022-07-12T08:45:55","date_gmt":"2022-07-12T06:45:55","guid":{"rendered":"https:\/\/bianchivending.com\/?page_id=5687"},"modified":"2026-02-12T10:13:41","modified_gmt":"2026-02-12T09:13:41","slug":"travailler-a-nos-cotes","status":"publish","type":"page","link":"https:\/\/www.bianchivending.com\/fr\/travailler-a-nos-cotes\/","title":{"rendered":"Travailler \u00e0 nos c\u00f4t\u00e9s"},"content":{"rendered":"<p>Remplissez le formulaire ou visitez notre profil\u00a0<a class=\"text-decoration-underline text-extra-dark-gray\" href=\"https:\/\/www.linkedin.com\/company\/bianchiindustry\/\" target=\"_blank\" rel=\"noopener\">Linkedin<\/a>\u00a0pour voir les postes ouverts.<\/p>\n","protected":false},"excerpt":{"rendered":"<p>Remplissez le formulaire ou visitez notre profil\u00a0Linkedin\u00a0pour voir les postes ouverts.<\/p>\n","protected":false},"author":1,"featured_media":3884,"parent":0,"menu_order":0,"comment_status":"closed","ping_status":"closed","template":"page-lavora-con-noi.php","meta":{"_acf_changed":false,"inline_featured_image":false,"footnotes":""},"yst_prominent_words":[],"class_list":["post-5687","page","type-page","status-publish","has-post-thumbnail","hentry"],"acf":[],"_links":{"self":[{"href":"https:\/\/www.bianchivending.com\/fr\/wp-json\/wp\/v2\/pages\/5687","targetHints":{"allow":["GET"]}}],"collection":[{"href":"https:\/\/www.bianchivending.com\/fr\/wp-json\/wp\/v2\/pages"}],"about":[{"href":"https:\/\/www.bianchivending.com\/fr\/wp-json\/wp\/v2\/types\/page"}],"author":[{"embeddable":true,"href":"https:\/\/www.bianchivending.com\/fr\/wp-json\/wp\/v2\/users\/1"}],"replies":[{"embeddable":true,"href":"https:\/\/www.bianchivending.com\/fr\/wp-json\/wp\/v2\/comments?post=5687"}],"version-history":[{"count":3,"href":"https:\/\/www.bianchivending.com\/fr\/wp-json\/wp\/v2\/pages\/5687\/revisions"}],"predecessor-version":[{"id":14261,"href":"https:\/\/www.bianchivending.com\/fr\/wp-json\/wp\/v2\/pages\/5687\/revisions\/14261"}],"wp:featuredmedia":[{"embeddable":true,"href":"https:\/\/www.bianchivending.com\/fr\/wp-json\/wp\/v2\/media\/3884"}],"wp:attachment":[{"href":"https:\/\/www.bianchivending.com\/fr\/wp-json\/wp\/v2\/media?parent=5687"}],"wp:term":[{"taxonomy":"yst_prominent_words","embeddable":true,"href":"https:\/\/www.bianchivending.com\/fr\/wp-json\/wp\/v2\/yst_prominent_words?post=5687"}],"curies":[{"name":"wp","href":"https:\/\/api.w.org\/{rel}","templated":true}]}}