{"id":12009,"date":"2022-07-14T09:57:05","date_gmt":"2022-07-14T07:57:05","guid":{"rendered":"https:\/\/bianchivending.com\/bianchi-industry-after-sales\/"},"modified":"2025-10-08T17:10:18","modified_gmt":"2025-10-08T15:10:18","slug":"bianchi-industry-after-sales","status":"publish","type":"page","link":"https:\/\/www.bianchivending.com\/es\/bianchi-industry-after-sales\/","title":{"rendered":"Bianchi Industry After Sales"},"content":{"rendered":"<p>Un team di professionisti dedicati, che lavorano ogni giorno per garantire nel tempo le migliori performance di tutti i prodotti Bianchi Vending e Brasilia. Negli anni la divisione After Sales di Bianchi Industry \u00e8 entrata sempre pi\u00f9 a stretto contatto con il mondo commerciale del gruppo: oggi tramite il portale B2B B mette a disposizione del cliente il servizio diretto di richiesta e acquisto di ricambi, mentre restano attivi i canali tradizionali per il servizio di riparazione delle schede elettroniche Bianchi e di altri produttori, e di assistenza e riparazione della gamma dei sistemi di pagamento.<br \/>\nL\u2019obiettivo di Bianchi Industry After Sales \u00e8 quello di aumentare l\u2019efficienza del gruppo nella gestione dei ricambi e, pi\u00f9 in generale, del servizio post vendita. Proprio per garantire un maggiore controllo dei prodotti \u00e8 stato sviluppato un laboratorio elettronico che opera in collaborazione con la divisione R&amp;D e con il settore elettronico di Bianchi Industry.<\/p>\n<p><strong>Rivendita Ricambi<\/strong><\/p>\n<ul style=\"padding: 0 0 25px 20px;\">\n<li>Servizio di gestione e distribuzione di ricambi per i marchi Bianchi Vending e Brasilia sia direttamente che attraverso il portale B2B* accessibile via login. Il portale permette di ordinare online i ricambi, e caricare tutta la documentazione tecnica.<\/li>\n<li>Creazione di kit di ricambi dedicati per il singolo cliente.<\/li>\n<li>Fornitura di ricambi generici (es. elettrovalvole compatibili con altri marchi).<\/li>\n<li>Analisi del parco ricambi e servizi associati.<\/li>\n<\/ul>\n<p>Enables spare parts to be ordered online and the technical documentation to be uploaded.<\/p>\n<p><strong>Riparazione<\/strong><\/p>\n<ul style=\"padding: 0 0 25px 20px;\">\n<li>Servizio riparazione delle schede elettroniche Bianchi Industry e di altri produttori.<\/li>\n<li>Assistenza e riparazione dei sistemi di pagamento.<\/li>\n<\/ul>\n<p>&nbsp;<\/p>\n<p><img loading=\"lazy\" decoding=\"async\" class=\"aligncenter wp-image-2108 size-large\" src=\"\/wp-content\/uploads\/2022\/05\/DSCF0488_02-1024x525-1.jpg\" alt=\"\" width=\"1024\" height=\"525\" \/><\/p>\n<p>&nbsp;<\/p>\n<p class=\"text-highlight\"><strong>\u00abAREA SERVICE\u00bb APP<\/strong><\/p>\n<p>Da oggi puoi acquistare i tuoi ricambi Bianchi Vending o Brasilia da smartphone e tablet grazie al alla nuova app \u201cArea Service\u201d, disponibile per iOS e Android. Questa novit\u00e0 ti permette di utilizzare il nostro negozio digitale arricchito di nuove informazione anche in mobilit\u00e0 e non pi\u00f9 solo dal tuo ufficio.<br \/>\nPer entrare nel Web Shop tramite l\u2019App \u201cArea Service\u201d, ti baster\u00e0 inserire le stesse credenziali che usi per accedere da pc. E se devi ancora registrarti, entra subito nell\u2019area riservata di bianchiindustry.com e compila il form dedicato al Web Shop.<br \/>\nOltre a effettuare ordini, scaricare la documentazione relativa alle macchine e scoprire tutti i nostri servizi, \u201cArea Service\u201d ti semplifica il lavoro con tante funzionalit\u00e0 intelligenti. Ad esempio, in un attimo puoi visionare tutto quello che ti serve per il tuo distributore fotografando il codice a barre ed evitando di dover inserire i dati manualmente.<\/p>\n<p>Scarica subito \u201cArea Service\u201d e scopri quanto \u00e8 semplice portarci sempre con te.<\/p>\n<div class=\"row\">\n<div class=\"col-sm-4\" style=\"margin-bottom: 10px;\"><a href=\"https:\/\/itunes.apple.com\/gb\/app\/bianchi-industry-area-service\/id1133994842?mt=8\"> <img decoding=\"async\" src=\"\/wp-content\/uploads\/2022\/05\/download.jpg\" \/> Scarica l\u2019app per iOS<\/a><\/div>\n<div class=\"col-sm-4\" style=\"margin-bottom: 10px;\"><a href=\"https:\/\/play.google.com\/store\/apps\/details?id=it.topgraf.mobile.bianchiindustry\"> <img decoding=\"async\" src=\"\/wp-content\/uploads\/2022\/05\/download.jpg\" \/>Scarica l\u2019app per Android<\/a><\/div>\n<\/div>\n<p>&nbsp;<\/p>\n<p><strong>Bianchi Industry After Sales Srl<\/strong><\/p>\n<p><i class=\"fal fa-map-marker-alt\" style=\"margin-right: 5px;\" aria-hidden=\"true\"><\/i> Via Primo Maggio 6, 10043 Orbassano, Torino, Italy<br \/>\n<i class=\"fal fa-envelope\" style=\"margin-right: 5px;\" aria-hidden=\"true\"><\/i> <a href=\"mailto:info.bias@bianchiindustry.com\">info.bias@bianchiindustry.com<\/a><br \/>\n<i class=\"fal fa-phone\" style=\"margin-right: 5px;\" aria-hidden=\"true\"><\/i> t. +39.011.902.3830, f. +39.011.900.0578<\/p>\n","protected":false},"excerpt":{"rendered":"<p>Un team di professionisti dedicati, che lavorano ogni giorno per garantire nel tempo le migliori performance di tutti i prodotti Bianchi Vending e Brasilia. Negli anni la divisione After Sales di Bianchi Industry \u00e8 entrata sempre pi\u00f9 a stretto contatto con il mondo commerciale del gruppo: oggi tramite il portale B2B B mette a disposizione [&hellip;]<\/p>\n","protected":false},"author":1,"featured_media":9409,"parent":0,"menu_order":0,"comment_status":"closed","ping_status":"closed","template":"page-after-sales.php","meta":{"_acf_changed":false,"inline_featured_image":false,"footnotes":""},"yst_prominent_words":[],"class_list":["post-12009","page","type-page","status-publish","has-post-thumbnail","hentry"],"acf":[],"_links":{"self":[{"href":"https:\/\/www.bianchivending.com\/es\/wp-json\/wp\/v2\/pages\/12009","targetHints":{"allow":["GET"]}}],"collection":[{"href":"https:\/\/www.bianchivending.com\/es\/wp-json\/wp\/v2\/pages"}],"about":[{"href":"https:\/\/www.bianchivending.com\/es\/wp-json\/wp\/v2\/types\/page"}],"author":[{"embeddable":true,"href":"https:\/\/www.bianchivending.com\/es\/wp-json\/wp\/v2\/users\/1"}],"replies":[{"embeddable":true,"href":"https:\/\/www.bianchivending.com\/es\/wp-json\/wp\/v2\/comments?post=12009"}],"version-history":[{"count":3,"href":"https:\/\/www.bianchivending.com\/es\/wp-json\/wp\/v2\/pages\/12009\/revisions"}],"predecessor-version":[{"id":12027,"href":"https:\/\/www.bianchivending.com\/es\/wp-json\/wp\/v2\/pages\/12009\/revisions\/12027"}],"wp:featuredmedia":[{"embeddable":true,"href":"https:\/\/www.bianchivending.com\/es\/wp-json\/wp\/v2\/media\/9409"}],"wp:attachment":[{"href":"https:\/\/www.bianchivending.com\/es\/wp-json\/wp\/v2\/media?parent=12009"}],"wp:term":[{"taxonomy":"yst_prominent_words","embeddable":true,"href":"https:\/\/www.bianchivending.com\/es\/wp-json\/wp\/v2\/yst_prominent_words?post=12009"}],"curies":[{"name":"wp","href":"https:\/\/api.w.org\/{rel}","templated":true}]}}